{"id":95,"date":"2016-04-08T14:24:31","date_gmt":"2016-04-08T14:24:31","guid":{"rendered":"http:\/\/192.168.2.249\/t\/nidodecisnes\/?page_id=95"},"modified":"2026-03-08T21:41:03","modified_gmt":"2026-03-09T00:41:03","slug":"citaciones","status":"publish","type":"page","link":"http:\/\/escuelanidodecisnes.cl\/web\/index.php\/citaciones\/","title":{"rendered":"Bienvenida a\u00f1o escolar 2026"},"content":{"rendered":"<div dir=\"auto\">El mi\u00e9rcoles 4 de marzo comenz\u00f3 un nuevo viaje de aprendizajes y descubrimientos\u2026<\/div>\n<div dir=\"auto\">Desde muy temprano, los estudiantes comenzaron a llegar al colegio, los m\u00e1s peque\u00f1itos acompa\u00f1ados por sus pap\u00e1s y mam\u00e1s. Un d\u00eda lleno de emociones y momentos felices.<\/div>\n<div dir=\"auto\"><\/div>\n<div dir=\"auto\">\u00a1Bienvenido a\u00f1o escolar 2026!<\/div>\n<p><strong>Educaci\u00f3n Parvularia el horario de clases:<\/strong><\/p>\n<ul>\n<li>Lunes a jueves desde las 09:00 a las 16:30 hrs.<\/li>\n<li>Viernes de 09:00 a 14:00 hrs.<\/li>\n<li>Horarios de recreos: 10:40 a 11:00 hrs \u2013 14:30 a 14:50<\/li>\n<li>Horario de almuerzo: 12:30 a 13:30 hrs.<\/li>\n<\/ul>\n<p><strong>En la Educaci\u00f3n B\u00e1sica el horario de clases:<\/strong><\/p>\n<ul>\n<li>Lunes a jueves desde las 09:00 a las 16:30 hrs.<\/li>\n<li>Viernes de 09:00 a 15:00 hrs.<\/li>\n<li>Horarios de recreos: 10:40 a 10:40 \u2013 14.50 a 15:00 hrs.<\/li>\n<li>Horario de almuerzo: 12:20 a 13:20 hrs.<\/li>\n<\/ul>\n<p>Les recordamos que el conducto regular en relaci\u00f3n a dudas, inquietudes y sugerencias es:<\/p>\n<ol>\n<li>Profesor\/a jefe.<\/li>\n<li>Profesor de Asignatura.<\/li>\n<li>Inspector\u00eda General y Direcci\u00f3n.<\/li>\n<\/ol>\n<p>Los medios formales de comunicaci\u00f3n son:<\/p>\n<ol>\n<li>La libreta de comunicaciones<\/li>\n<li>La p\u00e1gina web <a href=\"http:\/\/escuelanidodecisnes.cl\/web\/\">http:\/\/escuelanidodecisnes.cl\/web\/<\/a><\/li>\n<li>Acudir al establecimiento educativo.<\/li>\n<\/ol>\n<p><img loading=\"lazy\" class=\"aligncenter wp-image-13046 size-large\" src=\"http:\/\/escuelanidodecisnes.cl\/web\/wp-content\/uploads\/2026\/03\/647305175_1482043770592353_4943684486521983210_n-1024x577.jpg\" alt=\"\" width=\"1024\" height=\"577\" srcset=\"http:\/\/escuelanidodecisnes.cl\/web\/wp-content\/uploads\/2026\/03\/647305175_1482043770592353_4943684486521983210_n-1024x577.jpg 1024w, http:\/\/escuelanidodecisnes.cl\/web\/wp-content\/uploads\/2026\/03\/647305175_1482043770592353_4943684486521983210_n-300x169.jpg 300w, http:\/\/escuelanidodecisnes.cl\/web\/wp-content\/uploads\/2026\/03\/647305175_1482043770592353_4943684486521983210_n-1536x865.jpg 1536w, http:\/\/escuelanidodecisnes.cl\/web\/wp-content\/uploads\/2026\/03\/647305175_1482043770592353_4943684486521983210_n.jpg 2048w\" sizes=\"(max-width: 1024px) 100vw, 1024px\" \/><\/p>\n","protected":false},"excerpt":{"rendered":"<p>El mi\u00e9rcoles 4 de marzo comenz\u00f3 un nuevo viaje de aprendizajes y descubrimientos\u2026 Desde muy temprano, los estudiantes comenzaron a llegar al colegio, los m\u00e1s peque\u00f1itos acompa\u00f1ados por sus pap\u00e1s y mam\u00e1s. Un d\u00eda lleno de emociones y momentos felices. \u00a1Bienvenido a\u00f1o escolar 2026! Educaci\u00f3n Parvularia el horario de clases: Lunes a jueves desde las [&hellip;]<\/p>\n","protected":false},"author":1,"featured_media":0,"parent":0,"menu_order":0,"comment_status":"closed","ping_status":"closed","template":"","meta":[],"_links":{"self":[{"href":"http:\/\/escuelanidodecisnes.cl\/web\/index.php\/wp-json\/wp\/v2\/pages\/95"}],"collection":[{"href":"http:\/\/escuelanidodecisnes.cl\/web\/index.php\/wp-json\/wp\/v2\/pages"}],"about":[{"href":"http:\/\/escuelanidodecisnes.cl\/web\/index.php\/wp-json\/wp\/v2\/types\/page"}],"author":[{"embeddable":true,"href":"http:\/\/escuelanidodecisnes.cl\/web\/index.php\/wp-json\/wp\/v2\/users\/1"}],"replies":[{"embeddable":true,"href":"http:\/\/escuelanidodecisnes.cl\/web\/index.php\/wp-json\/wp\/v2\/comments?post=95"}],"version-history":[{"count":14,"href":"http:\/\/escuelanidodecisnes.cl\/web\/index.php\/wp-json\/wp\/v2\/pages\/95\/revisions"}],"predecessor-version":[{"id":13047,"href":"http:\/\/escuelanidodecisnes.cl\/web\/index.php\/wp-json\/wp\/v2\/pages\/95\/revisions\/13047"}],"wp:attachment":[{"href":"http:\/\/escuelanidodecisnes.cl\/web\/index.php\/wp-json\/wp\/v2\/media?parent=95"}],"curies":[{"name":"wp","href":"https:\/\/api.w.org\/{rel}","templated":true}]}}