{"id":426,"date":"2016-05-02T17:17:30","date_gmt":"2016-05-02T20:17:30","guid":{"rendered":"http:\/\/escuelanidodecisnes.cl\/web\/?page_id=426"},"modified":"2025-05-12T02:17:28","modified_gmt":"2025-05-12T05:17:28","slug":"taller-de-futbol-femenino","status":"publish","type":"page","link":"http:\/\/escuelanidodecisnes.cl\/web\/index.php\/taller-de-futbol-femenino\/","title":{"rendered":"Taller de Atletismo"},"content":{"rendered":"<p align=\"justify\"><img loading=\"lazy\" class=\"aligncenter wp-image-12435\" src=\"http:\/\/escuelanidodecisnes.cl\/web\/wp-content\/uploads\/2025\/05\/486033586_1195577261976833_6347503856793607710_n-300x300.jpg\" alt=\"\" width=\"400\" height=\"400\" srcset=\"http:\/\/escuelanidodecisnes.cl\/web\/wp-content\/uploads\/2025\/05\/486033586_1195577261976833_6347503856793607710_n-300x300.jpg 300w, http:\/\/escuelanidodecisnes.cl\/web\/wp-content\/uploads\/2025\/05\/486033586_1195577261976833_6347503856793607710_n-150x150.jpg 150w, http:\/\/escuelanidodecisnes.cl\/web\/wp-content\/uploads\/2025\/05\/486033586_1195577261976833_6347503856793607710_n.jpg 960w\" sizes=\"(max-width: 400px) 100vw, 400px\" \/><\/p>\n<p align=\"justify\"><span style=\"font-size: large;\">Dirigido por el profesor del Proyecto de Integraci\u00f3n Escolar, PIE, Nicol\u00e1s Rivera, busca preparar a los estudiantes en disciplinas deportivas de esta \u00e1rea, obteniendo destacada participaci\u00f3n en los campeonatos provinciales, regionales y nacionales e internacionales, en los que representantes de este grupo han competido.<\/span><\/p>\n","protected":false},"excerpt":{"rendered":"<p>Dirigido por el profesor del Proyecto de Integraci\u00f3n Escolar, PIE, Nicol\u00e1s Rivera, busca preparar a los estudiantes en disciplinas deportivas de esta \u00e1rea, obteniendo destacada participaci\u00f3n en los campeonatos provinciales, regionales y nacionales e internacionales, en los que representantes de este grupo han competido.<\/p>\n","protected":false},"author":1,"featured_media":0,"parent":0,"menu_order":0,"comment_status":"closed","ping_status":"closed","template":"","meta":[],"_links":{"self":[{"href":"http:\/\/escuelanidodecisnes.cl\/web\/index.php\/wp-json\/wp\/v2\/pages\/426"}],"collection":[{"href":"http:\/\/escuelanidodecisnes.cl\/web\/index.php\/wp-json\/wp\/v2\/pages"}],"about":[{"href":"http:\/\/escuelanidodecisnes.cl\/web\/index.php\/wp-json\/wp\/v2\/types\/page"}],"author":[{"embeddable":true,"href":"http:\/\/escuelanidodecisnes.cl\/web\/index.php\/wp-json\/wp\/v2\/users\/1"}],"replies":[{"embeddable":true,"href":"http:\/\/escuelanidodecisnes.cl\/web\/index.php\/wp-json\/wp\/v2\/comments?post=426"}],"version-history":[{"count":4,"href":"http:\/\/escuelanidodecisnes.cl\/web\/index.php\/wp-json\/wp\/v2\/pages\/426\/revisions"}],"predecessor-version":[{"id":12436,"href":"http:\/\/escuelanidodecisnes.cl\/web\/index.php\/wp-json\/wp\/v2\/pages\/426\/revisions\/12436"}],"wp:attachment":[{"href":"http:\/\/escuelanidodecisnes.cl\/web\/index.php\/wp-json\/wp\/v2\/media?parent=426"}],"curies":[{"name":"wp","href":"https:\/\/api.w.org\/{rel}","templated":true}]}}