{"id":424,"date":"2016-05-02T17:15:34","date_gmt":"2016-05-02T20:15:34","guid":{"rendered":"http:\/\/escuelanidodecisnes.cl\/web\/?page_id=424"},"modified":"2025-05-12T02:14:46","modified_gmt":"2025-05-12T05:14:46","slug":"taller-instrumental","status":"publish","type":"page","link":"http:\/\/escuelanidodecisnes.cl\/web\/index.php\/taller-instrumental\/","title":{"rendered":"Taller Instrumental"},"content":{"rendered":"<p align=\"justify\"><img loading=\"lazy\" class=\"aligncenter wp-image-12408\" src=\"http:\/\/escuelanidodecisnes.cl\/web\/wp-content\/uploads\/2025\/04\/IMG-20250410-WA0061-300x225.jpg\" alt=\"\" width=\"450\" height=\"338\" srcset=\"http:\/\/escuelanidodecisnes.cl\/web\/wp-content\/uploads\/2025\/04\/IMG-20250410-WA0061-300x225.jpg 300w, http:\/\/escuelanidodecisnes.cl\/web\/wp-content\/uploads\/2025\/04\/IMG-20250410-WA0061-1024x768.jpg 1024w, http:\/\/escuelanidodecisnes.cl\/web\/wp-content\/uploads\/2025\/04\/IMG-20250410-WA0061.jpg 1280w\" sizes=\"(max-width: 450px) 100vw, 450px\" \/><\/p>\n<p align=\"justify\">Dirigido por el profesor de m\u00fasica Erwin Bahamonde, tiene por objetivo contribuir al desarrollo del pensamiento anal\u00edtico y creativo, como base del aprendizaje y principio fundamental de la Educaci\u00f3n Musical, empleando metodolog\u00edas activas y diversas en funci\u00f3n de las destrezas, habilidades y conocimientos musicales que despierten el inter\u00e9s y participaci\u00f3n de los alumnos y alumnas.<\/p>\n<p align=\"justify\">\n","protected":false},"excerpt":{"rendered":"<p>Dirigido por el profesor de m\u00fasica Erwin Bahamonde, tiene por objetivo contribuir al desarrollo del pensamiento anal\u00edtico y creativo, como base del aprendizaje y principio fundamental de la Educaci\u00f3n Musical, empleando metodolog\u00edas activas y diversas en funci\u00f3n de las destrezas, habilidades y conocimientos musicales que despierten el inter\u00e9s y participaci\u00f3n de los alumnos y alumnas.<\/p>\n","protected":false},"author":1,"featured_media":0,"parent":0,"menu_order":0,"comment_status":"closed","ping_status":"closed","template":"","meta":[],"_links":{"self":[{"href":"http:\/\/escuelanidodecisnes.cl\/web\/index.php\/wp-json\/wp\/v2\/pages\/424"}],"collection":[{"href":"http:\/\/escuelanidodecisnes.cl\/web\/index.php\/wp-json\/wp\/v2\/pages"}],"about":[{"href":"http:\/\/escuelanidodecisnes.cl\/web\/index.php\/wp-json\/wp\/v2\/types\/page"}],"author":[{"embeddable":true,"href":"http:\/\/escuelanidodecisnes.cl\/web\/index.php\/wp-json\/wp\/v2\/users\/1"}],"replies":[{"embeddable":true,"href":"http:\/\/escuelanidodecisnes.cl\/web\/index.php\/wp-json\/wp\/v2\/comments?post=424"}],"version-history":[{"count":3,"href":"http:\/\/escuelanidodecisnes.cl\/web\/index.php\/wp-json\/wp\/v2\/pages\/424\/revisions"}],"predecessor-version":[{"id":12433,"href":"http:\/\/escuelanidodecisnes.cl\/web\/index.php\/wp-json\/wp\/v2\/pages\/424\/revisions\/12433"}],"wp:attachment":[{"href":"http:\/\/escuelanidodecisnes.cl\/web\/index.php\/wp-json\/wp\/v2\/media?parent=424"}],"curies":[{"name":"wp","href":"https:\/\/api.w.org\/{rel}","templated":true}]}}