{"id":421,"date":"2016-05-02T17:14:07","date_gmt":"2016-05-02T20:14:07","guid":{"rendered":"http:\/\/escuelanidodecisnes.cl\/web\/?page_id=421"},"modified":"2025-05-12T02:13:33","modified_gmt":"2025-05-12T05:13:33","slug":"taller-de-periodismo-2","status":"publish","type":"page","link":"http:\/\/escuelanidodecisnes.cl\/web\/index.php\/taller-de-periodismo-2\/","title":{"rendered":"Taller de Periodismo"},"content":{"rendered":"<p align=\"justify\"><img loading=\"lazy\" class=\"aligncenter wp-image-12431\" src=\"http:\/\/escuelanidodecisnes.cl\/web\/wp-content\/uploads\/2025\/05\/20250320_162435-300x225.jpg\" alt=\"\" width=\"450\" height=\"338\" srcset=\"http:\/\/escuelanidodecisnes.cl\/web\/wp-content\/uploads\/2025\/05\/20250320_162435-300x225.jpg 300w, http:\/\/escuelanidodecisnes.cl\/web\/wp-content\/uploads\/2025\/05\/20250320_162435-1024x768.jpg 1024w, http:\/\/escuelanidodecisnes.cl\/web\/wp-content\/uploads\/2025\/05\/20250320_162435-1536x1152.jpg 1536w, http:\/\/escuelanidodecisnes.cl\/web\/wp-content\/uploads\/2025\/05\/20250320_162435-2048x1536.jpg 2048w\" sizes=\"(max-width: 450px) 100vw, 450px\" \/><\/p>\n<p align=\"justify\"><a name=\"_GoBack\"><\/a> <span style=\"font-size: large;\">A cargo de la periodista Valentina Rojas, este taller est\u00e1 enfocado a trabajar con los alumnos de segundo ciclo\u00a0que se destacan por su inter\u00e9s y capacidad en Lenguaje y Comunicaci\u00f3n. Los alumnos producen diversos textos del g\u00e9nero period\u00edstico, los que se traducen en un Bolet\u00edn Informativo Mensual, adem\u00e1s de generar los contenidos informativos de la p\u00e1gina web institucional del establecimiento.<\/span><\/p>\n<a href=\"http:\/\/escuelanidodecisnes.cl\/web\" class=\"su-button su-button-style-default\" style=\"color:#FFFFFF;background-color:#0b3c72;border-color:#09305c;border-radius:5px\" target=\"_self\"><span style=\"color:#FFFFFF;padding:0px 16px;font-size:13px;line-height:26px;border-color:#55779d;border-radius:5px;text-shadow:none\"> \n<p align=\"justify\"><a href=\"http:\/\/escuelanidodecisnes.cl\/web\/index.php\/boletin-informativo-taller-de-periodismo\/\">Lea nuestro \u00faltimo bolet\u00edn aqu\u00ed<\/a><\/p>\n<\/span><\/a>\n","protected":false},"excerpt":{"rendered":"<p>A cargo de la periodista Valentina Rojas, este taller est\u00e1 enfocado a trabajar con los alumnos de segundo ciclo\u00a0que se destacan por su inter\u00e9s y capacidad en Lenguaje y Comunicaci\u00f3n. Los alumnos producen diversos textos del g\u00e9nero period\u00edstico, los que se traducen en un Bolet\u00edn Informativo Mensual, adem\u00e1s de generar los contenidos informativos de la [&hellip;]<\/p>\n","protected":false},"author":1,"featured_media":0,"parent":0,"menu_order":0,"comment_status":"closed","ping_status":"closed","template":"","meta":[],"_links":{"self":[{"href":"http:\/\/escuelanidodecisnes.cl\/web\/index.php\/wp-json\/wp\/v2\/pages\/421"}],"collection":[{"href":"http:\/\/escuelanidodecisnes.cl\/web\/index.php\/wp-json\/wp\/v2\/pages"}],"about":[{"href":"http:\/\/escuelanidodecisnes.cl\/web\/index.php\/wp-json\/wp\/v2\/types\/page"}],"author":[{"embeddable":true,"href":"http:\/\/escuelanidodecisnes.cl\/web\/index.php\/wp-json\/wp\/v2\/users\/1"}],"replies":[{"embeddable":true,"href":"http:\/\/escuelanidodecisnes.cl\/web\/index.php\/wp-json\/wp\/v2\/comments?post=421"}],"version-history":[{"count":9,"href":"http:\/\/escuelanidodecisnes.cl\/web\/index.php\/wp-json\/wp\/v2\/pages\/421\/revisions"}],"predecessor-version":[{"id":12432,"href":"http:\/\/escuelanidodecisnes.cl\/web\/index.php\/wp-json\/wp\/v2\/pages\/421\/revisions\/12432"}],"wp:attachment":[{"href":"http:\/\/escuelanidodecisnes.cl\/web\/index.php\/wp-json\/wp\/v2\/media?parent=421"}],"curies":[{"name":"wp","href":"https:\/\/api.w.org\/{rel}","templated":true}]}}