{"id":212,"date":"2016-04-15T15:30:38","date_gmt":"2016-04-15T15:30:38","guid":{"rendered":"http:\/\/192.168.2.249\/t\/nidodecisnes\/?page_id=212"},"modified":"2025-04-15T22:24:35","modified_gmt":"2025-04-16T01:24:35","slug":"manual-de-convivencia","status":"publish","type":"page","link":"http:\/\/escuelanidodecisnes.cl\/web\/index.php\/manual-de-convivencia\/","title":{"rendered":"Manual de Convivencia Escolar 2025"},"content":{"rendered":"\n<p>\u00a0<\/p>\n<p>Puedes descargar el Manual de Convivencia Escolar de la Escuela Nido de Cisnes, en los siguientes links:<\/p>\n<p>Reglamento Interno de Nivel Pre-B\u00e1sica<\/p>\n<p><a href=\"http:\/\/escuelanidodecisnes.cl\/web\/wp-content\/uploads\/2025\/04\/Reglamento-Interno-Pre-Basica-2025...-1.pdf\">Reglamento Interno Pre-B\u00e1sica 2025&#8230; (1)<\/a><\/p>\n<p>Reglamento Interno Nivel B\u00e1sica<\/p>\n<p><a href=\"http:\/\/escuelanidodecisnes.cl\/web\/wp-content\/uploads\/2025\/04\/Reglamento-Interno-Basica-2025...-1.pdf\">Reglamento Interno B\u00e1sica 2025&#8230; (1)<\/a><\/p>\n<p>\u00a0<\/p>\n\n\n\n<p>\u00a0<\/p>\n<p>\u00a0<\/p>\n<p>\u00a0<\/p>\n<p><img loading=\"lazy\" class=\"aligncenter wp-image-11600\" src=\"http:\/\/escuelanidodecisnes.cl\/web\/wp-content\/uploads\/2024\/04\/IMG_3351-300x225.jpg\" alt=\"\" width=\"500\" height=\"375\" srcset=\"http:\/\/escuelanidodecisnes.cl\/web\/wp-content\/uploads\/2024\/04\/IMG_3351-300x225.jpg 300w, http:\/\/escuelanidodecisnes.cl\/web\/wp-content\/uploads\/2024\/04\/IMG_3351-1024x768.jpg 1024w, http:\/\/escuelanidodecisnes.cl\/web\/wp-content\/uploads\/2024\/04\/IMG_3351-1536x1152.jpg 1536w, http:\/\/escuelanidodecisnes.cl\/web\/wp-content\/uploads\/2024\/04\/IMG_3351.jpg 2048w\" sizes=\"(max-width: 500px) 100vw, 500px\" \/><\/p>\n<p>\u00a0<\/p>\n","protected":false},"excerpt":{"rendered":"<p>\u00a0 Puedes descargar el Manual de Convivencia Escolar de la Escuela Nido de Cisnes, en los siguientes links: Reglamento Interno de Nivel Pre-B\u00e1sica Reglamento Interno Pre-B\u00e1sica 2025&#8230; (1) Reglamento Interno Nivel B\u00e1sica Reglamento Interno B\u00e1sica 2025&#8230; (1) \u00a0 \u00a0 \u00a0 \u00a0 \u00a0<\/p>\n","protected":false},"author":1,"featured_media":0,"parent":0,"menu_order":0,"comment_status":"closed","ping_status":"closed","template":"","meta":[],"_links":{"self":[{"href":"http:\/\/escuelanidodecisnes.cl\/web\/index.php\/wp-json\/wp\/v2\/pages\/212"}],"collection":[{"href":"http:\/\/escuelanidodecisnes.cl\/web\/index.php\/wp-json\/wp\/v2\/pages"}],"about":[{"href":"http:\/\/escuelanidodecisnes.cl\/web\/index.php\/wp-json\/wp\/v2\/types\/page"}],"author":[{"embeddable":true,"href":"http:\/\/escuelanidodecisnes.cl\/web\/index.php\/wp-json\/wp\/v2\/users\/1"}],"replies":[{"embeddable":true,"href":"http:\/\/escuelanidodecisnes.cl\/web\/index.php\/wp-json\/wp\/v2\/comments?post=212"}],"version-history":[{"count":16,"href":"http:\/\/escuelanidodecisnes.cl\/web\/index.php\/wp-json\/wp\/v2\/pages\/212\/revisions"}],"predecessor-version":[{"id":12380,"href":"http:\/\/escuelanidodecisnes.cl\/web\/index.php\/wp-json\/wp\/v2\/pages\/212\/revisions\/12380"}],"wp:attachment":[{"href":"http:\/\/escuelanidodecisnes.cl\/web\/index.php\/wp-json\/wp\/v2\/media?parent=212"}],"curies":[{"name":"wp","href":"https:\/\/api.w.org\/{rel}","templated":true}]}}