{"id":137,"date":"2016-04-13T15:05:32","date_gmt":"2016-04-13T15:05:32","guid":{"rendered":"http:\/\/192.168.2.249\/t\/nidodecisnes\/?page_id=137"},"modified":"2025-07-17T20:52:05","modified_gmt":"2025-07-17T23:52:05","slug":"centro-de-alumnos","status":"publish","type":"page","link":"http:\/\/escuelanidodecisnes.cl\/web\/index.php\/centro-de-alumnos\/","title":{"rendered":"Centro de Estudiantes"},"content":{"rendered":"<p style=\"text-align: center;\"><strong><img loading=\"lazy\" class=\"alignnone wp-image-12579 size-large\" src=\"http:\/\/escuelanidodecisnes.cl\/web\/wp-content\/uploads\/2025\/07\/centro-alumnos-1-1024x768.jpg\" alt=\"\" width=\"1024\" height=\"768\" srcset=\"http:\/\/escuelanidodecisnes.cl\/web\/wp-content\/uploads\/2025\/07\/centro-alumnos-1-1024x768.jpg 1024w, http:\/\/escuelanidodecisnes.cl\/web\/wp-content\/uploads\/2025\/07\/centro-alumnos-1-300x225.jpg 300w, http:\/\/escuelanidodecisnes.cl\/web\/wp-content\/uploads\/2025\/07\/centro-alumnos-1-1536x1152.jpg 1536w, http:\/\/escuelanidodecisnes.cl\/web\/wp-content\/uploads\/2025\/07\/centro-alumnos-1-2048x1536.jpg 2048w\" sizes=\"(max-width: 1024px) 100vw, 1024px\" \/>Reglamento Interno del Centro de Alumnos<\/strong><\/p>\n<p><strong>Basado en el Reglamento\u00a0 General\u00a0 de\u00a0 organizaci\u00f3n\u00a0 y\u00a0 funcionamiento\u00a0 de\u00a0 los\u00a0 Centros\u00a0 de\u00a0 Alumnos\u00a0 de Establecimientos\u00a0\u00a0 Educacionales\u00a0\u00a0 de\u00a0 \u00a0Segundo\u00a0\u00a0 Ciclo\u00a0\u00a0 B\u00e1sico reconocido oficialmente por el Ministerio de Educaci\u00f3n. (DECRETO N\u00b0 524 \u2013 1990 \/\/ Reformulado 2006).<\/strong><\/p>\n<p><strong>\u00a0T\u00edtulo I <\/strong><\/p>\n<p><strong>Funciones del Centro de Alumnos<\/strong><\/p>\n<p><strong>Art\u00edculo 1\u00b0 <\/strong><\/p>\n<p>Las Funciones del Centro de Alumnos son las siguientes:<\/p>\n<ol>\n<li>a) Promover la creaci\u00f3n\u00a0 e incremento de oportunidades\u00a0 para\u00a0 que\u00a0 los alumnos manifiesten democr\u00e1ticamente y organizadamente sus intereses, inquietudes y aspiraciones.<\/li>\n<li>b) Promover en\u00a0 el\u00a0 alumnado\u00a0 la\u00a0 mayor\u00a0 dedicaci\u00f3n\u00a0 a\u00a0 su\u00a0 trabajo\u00a0 escolar,\u00a0 procurando\u00a0 que \u00a0se desarrolle y fortalezca un adecuado ambiente educativo y una estrecha relaci\u00f3n humana entre sus integrantes, basada en el respeto mutuo.<\/li>\n<li>c) Orientar sus organismos y actividades hacia la consecuci\u00f3n de las finalidades establecidas en el presente decreto.<\/li>\n<li>d) Representar los problemas, necesidades y aspiraciones de sus miembros ante el Consejo Escolar y las autoridades u organismos que correspondan.<\/li>\n<li>e) Procurar el bienestar de sus miembros, tendiendo a establecer las condiciones deseables para su pleno desarrollo.<\/li>\n<li>f) Promover el ejercicio de los derechos estudiantiles y los derechos humanos universales a trav\u00e9s de sus organismos, programas de trabajo y relaciones interpersonales.<\/li>\n<li>g) Designar sus representantes ante las organizaciones estudiantiles con las cuales el Centro se relacione de acuerdo con su Reglamento Interno.<\/li>\n<li>h) Conocer, cumplir y difundir el cumplimiento del Reglamento Interno del Colegio.<\/li>\n<li>i) Mantener un di\u00e1logo constructivo y constante con todos los miembros de la comunidad escolar y los diversos estamentos que la componen : Direcci\u00f3n, Profesorado, Centro de Padres \u00a0\u00a0y\u00a0 Apoderados,\u00a0 para\u00a0 manifestar\u00a0 inquietudes,\u00a0 sugerencias\u00a0 y\/o\u00a0 peticiones\u00a0 del estudiantado que favorezcan el trabajo escolar\u00a0 y un adecuado ambiente educativo.<\/li>\n<li>j) Organizar, coordinar y ejecutar diversas actividades culturales, recreativas, y de bienestar social para el estudiantado.<\/li>\n<li>k) Representar oficialmente al alumnado ante organizaciones estudiantiles, con las cuales el Colegio se relacione, en conformidad a su Reglamento.<\/li>\n<\/ol>\n<p><strong>T\u00edtulo II <\/strong><\/p>\n<p><strong>De la organizaci\u00f3n y funcionamiento del Centro de Alumnos <\/strong><\/p>\n<p><strong>Art\u00edculo 2\u00b0 <\/strong><\/p>\n<p>El Centro de Alumnos de la Escuela Nido de Cisnes se estructurar\u00e1, con los siguientes organismos:<\/p>\n<ol>\n<li>a) La Asamblea General<\/li>\n<li>b) La directiva<\/li>\n<li>c) Las Directivas y Delegados de Curso.<\/li>\n<li>d) El Consejo de Curso.<\/li>\n<li>e) La junta Electoral.<\/li>\n<\/ol>\n<p><strong>De la Asamblea General <\/strong><\/p>\n<p><strong>Art\u00edculo 3\u00b0 <\/strong><\/p>\n<p>La\u00a0\u00a0 Asamblea\u00a0\u00a0 General\u00a0\u00a0 estar\u00e1\u00a0\u00a0 constituida\u00a0\u00a0 por\u00a0\u00a0 todos\u00a0\u00a0 los\u00a0\u00a0 alumnos\u00a0\u00a0 del\u00a0\u00a0 establecimiento pertenecientes al segundo ciclo de ense\u00f1anza b\u00e1sica de 5\u00ba a 8\u00ba a\u00f1o b\u00e1sico. Correspondi\u00e9ndole lo siguiente:<\/p>\n<ol>\n<li>a) Convocar a elecci\u00f3n del Centro de Alumnos.<\/li>\n<li>b) Elegir la Junta Electoral.<\/li>\n<li>c) Elegir a los representantes del Centro de alumnos.<\/li>\n<li>d) Aprobar el Plan anual del Centro de alumnos.<\/li>\n<li>e) Servir de organismo informativo y coordinador de las actividades de la Directiva y de los Consejos de Curso.<\/li>\n<\/ol>\n<p><strong>De la\u00a0 Directiva del Centro de Alumnos <\/strong><\/p>\n<p><strong>Articulo 4\u00b0 <\/strong><\/p>\n<p>Conformaci\u00f3n de la Directiva del Centro de Alumnos de la Escuela Chovi San Juan:<\/p>\n<ul>\n<li>Presidente<\/li>\n<li>Vice \u2013 Presidente<\/li>\n<li>Secretario<\/li>\n<li>Tesorero<\/li>\n<\/ul>\n<p>La\u00a0 Directiva\u00a0 del\u00a0 Centro\u00a0 de\u00a0 Alumnos\u00a0 ser\u00e1\u00a0 elegida\u00a0 anualmente\u00a0 en\u00a0 votaci\u00f3n\u00a0 universal, unipersonal.<\/p>\n<p><strong>Funciones:<\/strong><\/p>\n<ol>\n<li>a) Dirigir y administrar el centro de Alumnos en todas aquellas materias de su competencia.<\/li>\n<li>b) Elaborar y ejecutar el Plan Anual de Trabajo del Centro de Alumnos.<\/li>\n<li>c) Representar al centro de Alumnos ante la Direcci\u00f3n del establecimiento, el Consejo de Profesores, el Centro de Padres y Apoderados. En el\u00a0 caso del Consejo Escolar se representar\u00e1 a trav\u00e9s del presidente.<\/li>\n<li>e) Presentar al\u00a0 Consejo\u00a0 de\u00a0 Delegados\u00a0 de \u00a0Curso,\u00a0 antes\u00a0 de\u00a0 ser\u00a0 presentado\u00a0 a\u00a0 la\u00a0 Asamblea General y antes de finalizar su mandato, una cuenta anual de las actividades realizadas.<\/li>\n<li>f) Convocar al\u00a0 menos \u00a0\u00a0dos veces\u00a0 al\u00a0 semestre a reuniones.<\/li>\n<\/ol>\n<p><strong>Rol espec\u00edfico de cada integrante de la Directiva: <\/strong><\/p>\n<p><strong>Presidente.\u00a0 <\/strong><\/p>\n<p>Son atribuciones del Presidente del Centro de Alumnos, las siguientes:<\/p>\n<ol>\n<li>Representar al\u00a0 alumnado\u00a0 en\u00a0 las\u00a0 sesiones\u00a0 del\u00a0\u00a0\u00a0 Consejo\u00a0 de Profesores\u00a0 y\u00a0 en\u00a0 los\u00a0 Consejos\u00a0 Escolares.<\/li>\n<li>Convocar a reuniones de la Directiva del Centro de Alumnos.<\/li>\n<li>Convocar y\u00a0 presidir\u00a0 la\u00a0 primera\u00a0 y\u00a0 \u00faltima\u00a0 Asamblea\u00a0 General Ordinaria del a\u00f1o lectivo, para dar a conocer: en la primera, el Plan Anual de Trabajo, y en la \u00faltima, el Balance de la gesti\u00f3n del Centro de Alumnos.<\/li>\n<li>Representar al Centro de Alumnos ante la Comunidad.<\/li>\n<\/ol>\n<p><strong>Vice\u00a0 Presidente\u00a0 <\/strong><\/p>\n<p>Son atribuciones del Vicepresidente:<\/p>\n<ol>\n<li>Reemplazar al\u00a0 Presidente\u00a0 en\u00a0 sus\u00a0 funciones\u00a0 en\u00a0 caso\u00a0 de ausencia temporal.<\/li>\n<li>b) Trabajar de la mano con el Presidente y Profesor Asesor, para lo que se estime conveniente.<\/li>\n<\/ol>\n<p><strong>Secretario<\/strong><\/p>\n<p>Son atribuciones del Secretario:<\/p>\n<ol>\n<li>Redactar actas\u00a0 de\u00a0 cada\u00a0 sesi\u00f3n\u00a0 del\u00a0 Centro\u00a0 de\u00a0 Alumnos\u00a0 y Asamblea General. \u00c9stas deber\u00e1n ser le\u00eddas al inicio de la sesi\u00f3n siguiente, pudiendo ser objetadas y\/o aprobadas.<\/li>\n<\/ol>\n<p><strong>Tesorero:<\/strong><\/p>\n<p>Son atribuciones del Secretario de Finanzas:<\/p>\n<ol>\n<li>Administrar los\u00a0 fondos\u00a0 del\u00a0 Centro\u00a0 de\u00a0 Alumnos.<\/li>\n<li>Mantener al d\u00eda el Libro de Cuentas.<\/li>\n<li>Entregar Balances en Asambleas Generales Ordinarias.<\/li>\n<\/ol>\n<p><strong>Del Consejo de Delegados de Curso <\/strong><\/p>\n<p>Articulo 5\u00b0<\/p>\n<ol>\n<li>a) El presidente del Consejo de curso ser\u00e1 por derecho propio uno de estos delegados.<\/li>\n<li>b) Por ende los Presidentes de los cursos de 5\u00ba a 8\u00ba conformar\u00e1n el Consejo de delegados.<\/li>\n<li>b) Los delegados no podr\u00e1n ser miembros de la Directiva del Centro ni de la Junta Electoral.<\/li>\n<li>c) El Consejo de Delegados de Curso ser\u00e1 presidido por el Presidente del Centro de Alumnos y se reunir\u00e1 4 veces en el a\u00f1o.<\/li>\n<\/ol>\n<p><strong>Corresponde al Consejo de Delegados de curso: <\/strong><\/p>\n<ol>\n<li>a) Elaborar el Reglamento Interno del Centro de Alumnos y someterlo a aprobaci\u00f3n ante la Asamblea General.<\/li>\n<li>b) Aprobar el Plan Anual de Trabajo y el Presupuesto elaborado por la Directiva del Centro.<\/li>\n<li>c) Informar y estudiar las iniciativas, proposiciones y acciones de los diversos cursos y grupos de alumnos con el fin de impulsar las que estime m\u00e1s convenientes.<\/li>\n<li>d) Determinar las formas de financiamiento del Centro de Alumnos.<\/li>\n<li>e) Servir de\u00a0 organismo\u00a0 informativo\u00a0 y\u00a0 coordinador\u00a0 de\u00a0 las\u00a0 actividades\u00a0 de\u00a0 la\u00a0 Directiva\u00a0 y\u00a0 los Consejos de Curso.<\/li>\n<li>f) Proponer a la Directiva la afiliaci\u00f3n del Centro a aquellas organizaciones estudiantiles de se deseen formar parte o, en caso contrario, la desafiliaci\u00f3n de aquellas en que se est\u00e1 participando.<\/li>\n<li>g) Constituir los organismos y comisiones permanentes y circunstanciales que se consideren indispensables para cumplir con los objetivos del Centro de Alumnos.<\/li>\n<li>h) Pronunciarse sobre\u00a0 la\u00a0 cuenta\u00a0 anual\u00a0 y\u00a0 el\u00a0 balance\u00a0 que\u00a0 le\u00a0 debe\u00a0 presentar\u00a0 la\u00a0 Directiva\u00a0 del Centro de Alumnos e informar de ella a la Asamblea General antes de que \u00e9sta proceda a la elecci\u00f3n de la mesa directiva.<\/li>\n<li>i) Determinar las medidas disciplinarias que corresponda aplicar a los miembros del Centro, de acuerdo con lo estipulado en el reglamento Interno. Las sanciones que se apliquen s\u00f3lo podr\u00e1n consistir en medidas que afecten su participaci\u00f3n como miembro del Consejo, no pudiendo, en caso alguno significar la exclusi\u00f3n del Centro de Alumnos.<\/li>\n<\/ol>\n<p><strong>\u00a0 Del Consejo de Curso. <\/strong><\/p>\n<p>Se\u00a0 define\u00a0 como\u00a0 el\u00a0 organismo\u00a0 base\u00a0 del\u00a0 Centro\u00a0 de\u00a0 Alumnos;\u00a0 lo\u00a0 integran\u00a0 los alumnos\u00a0 del curso respectivo que organizar\u00e1n\u00a0 democr\u00e1ticamente,\u00a0 bajo la\u00a0 tutela del Profesor Jefe, la elecci\u00f3n de su Directiva y elegir\u00e1n a los representantes ante el Consejo de los Delegados del curso.<\/p>\n<ol>\n<li>Cada Consejo de curso elegir\u00e1 su directiva que estar\u00e1 compuesta, como m\u00ednimo por: un Presidente,\u00a0 un\u00a0 Vicepresidente,\u00a0 un\u00a0 Secretario,\u00a0 un\u00a0 Tesorero.<\/li>\n<\/ol>\n<p><strong>\u00a0<\/strong><\/p>\n<p><strong>De la Junta Electoral\u00a0 <\/strong><\/p>\n<p><strong>Art\u00edculo 6\u00b0 <\/strong><\/p>\n<ol>\n<li>Lo integrar\u00e1n 3 estudiantes de la Asamblea General.<\/li>\n<li>Los integrantes del Tribunal deber\u00e1n ser\u00e1n elegidos por el Profesor Asesor del Centro.<\/li>\n<li>Organizar\u00e1n el proceso eleccionario en todas sus fases.<\/li>\n<\/ol>\n<p><strong>De las elecciones\u00a0\u00a0\u00a0 <\/strong><\/p>\n<p><strong>De la presentaci\u00f3n de listas.\u00a0 <\/strong><\/p>\n<ol>\n<li>Cada curso de 5\u00ba a 8\u00ba a\u00f1o presentar\u00e1n sus listas.<\/li>\n<li>Los cargos ser\u00e1n repartidos internamente por los representantes de las listas:<\/li>\n<\/ol>\n<p><strong>De los Requisitos.\u00a0\u00a0\u00a0\u00a0\u00a0\u00a0\u00a0\u00a0\u00a0 <\/strong><\/p>\n<ol>\n<li>La lista ganadora ser\u00e1 la que obtenga mayor cantidad de votos.<\/li>\n<li>Podr\u00e1n votar los alumnos de 2\u00b0 a 8\u00b0 a\u00f1o b\u00e1sico.<\/li>\n<\/ol>\n<p><strong>T\u00edtulo III <\/strong><\/p>\n<p><strong>De los Asesores del Centro <\/strong><\/p>\n<p>Art\u00edculo 7\u00b0<\/p>\n<ol>\n<li>Podr\u00e1n ser Profesores Asesores del Centro de Alumnos del Colegio:<\/li>\n<li>Docentes titulados.<\/li>\n<li>Profesores que tengan a lo menos tres a\u00f1os de ejercicio docente.<\/li>\n<li>Profesores con\u00a0 desempe\u00f1o\u00a0 en\u00a0 el\u00a0 establecimiento\u00a0 durante\u00a0 un\u00a0 per\u00edodo\u00a0 no inferior a 1 a\u00f1os.<\/li>\n<li>Ser\u00e1n\u00a0 elegidos\u00a0 Profesores\u00a0 Asesores\u00a0 quienes\u00a0 el\u00a0 Director del\u00a0 Establecimiento designe.<\/li>\n<\/ol>\n<ol start=\"3\">\n<li>Los profesores asesores cumplir\u00e1n las siguientes funciones:<\/li>\n<li>Asesorar la organizaci\u00f3n y desarrollo de las actividades del Centro de Alumnos, orient\u00e1ndolas hacia el logro de los objetivos.<\/li>\n<li>Velar porque\u00a0 las\u00a0 acciones\u00a0 del\u00a0 Centro\u00a0 de\u00a0 Alumnos\u00a0 se\u00a0 enmarquen dentro del Reglamento Interno del Colegio y del PEI.<\/li>\n<li>Estudiar y\u00a0 asistir\u00a0 los\u00a0 planes\u00a0 de\u00a0 trabajo\u00a0 y\u00a0 documentos\u00a0 preparados por los distintos organismos del Centro de Alumnos.<\/li>\n<li>Facilitar la comunicaci\u00f3n entre el Centro de Alumnos y los otros estamentos de la Comunidad Escolar.<\/li>\n<\/ol>\n<p><strong>T\u00edtulo IV <\/strong><\/p>\n<p><strong>Incumplimientos:<\/strong><\/p>\n<p>Art\u00edculo 8<\/p>\n<p>Los\u00a0 miembros\u00a0 de\u00a0 la\u00a0 Directiva\u00a0 del\u00a0 Centro\u00a0 de\u00a0 Alumnos y\u00a0 Asamblea General, ser\u00e1n removidos de sus cargos en caso de:<\/p>\n<ol>\n<li>Perder la calidad de alumno regular del Establecimiento.<\/li>\n<li>Faltar gravemente al Reglamento Interno del Colegio.<\/li>\n<li>No asistir a las reuniones, sin justificaci\u00f3n, con respecto a la Asamblea General.<\/li>\n<li>Renuncia voluntaria\u00a0 por\u00a0 traslado\u00a0 de\u00a0 colegio,\u00a0 enfermedad\u00a0 u\u00a0 otros\u00a0 motivos\u00a0 de \u00edndole personal.<\/li>\n<li>Se amonestar\u00e1 verbalmente aquellos delegados y\/o integrantes de la Directiva y de la Asamblea General que falten sin justificaci\u00f3n y no dejen reemplazante y de reiterarse la falta ser\u00e1n removidos de su cargo.<\/li>\n<li>La Directiva del Centro de Alumnos y el profesor Asesor se encargar\u00e1 de reemplazar, a la brevedad, los cargos vacantes, respet\u00e1ndose el orden jer\u00e1rquico.<\/li>\n<\/ol>\n<p><strong>Cualquier modificaci\u00f3n debe ser aprobada por el Director del establecimiento Sr: Claudio Mu\u00f1oz Miranda.\u00a0<\/strong><\/p>\n","protected":false},"excerpt":{"rendered":"<p>Reglamento Interno del Centro de Alumnos Basado en el Reglamento\u00a0 General\u00a0 de\u00a0 organizaci\u00f3n\u00a0 y\u00a0 funcionamiento\u00a0 de\u00a0 los\u00a0 Centros\u00a0 de\u00a0 Alumnos\u00a0 de Establecimientos\u00a0\u00a0 Educacionales\u00a0\u00a0 de\u00a0 \u00a0Segundo\u00a0\u00a0 Ciclo\u00a0\u00a0 B\u00e1sico reconocido oficialmente por el Ministerio de Educaci\u00f3n. (DECRETO N\u00b0 524 \u2013 1990 \/\/ Reformulado 2006). \u00a0T\u00edtulo I Funciones del Centro de Alumnos Art\u00edculo 1\u00b0 Las Funciones del Centro [&hellip;]<\/p>\n","protected":false},"author":1,"featured_media":0,"parent":0,"menu_order":0,"comment_status":"closed","ping_status":"closed","template":"","meta":[],"_links":{"self":[{"href":"http:\/\/escuelanidodecisnes.cl\/web\/index.php\/wp-json\/wp\/v2\/pages\/137"}],"collection":[{"href":"http:\/\/escuelanidodecisnes.cl\/web\/index.php\/wp-json\/wp\/v2\/pages"}],"about":[{"href":"http:\/\/escuelanidodecisnes.cl\/web\/index.php\/wp-json\/wp\/v2\/types\/page"}],"author":[{"embeddable":true,"href":"http:\/\/escuelanidodecisnes.cl\/web\/index.php\/wp-json\/wp\/v2\/users\/1"}],"replies":[{"embeddable":true,"href":"http:\/\/escuelanidodecisnes.cl\/web\/index.php\/wp-json\/wp\/v2\/comments?post=137"}],"version-history":[{"count":15,"href":"http:\/\/escuelanidodecisnes.cl\/web\/index.php\/wp-json\/wp\/v2\/pages\/137\/revisions"}],"predecessor-version":[{"id":12581,"href":"http:\/\/escuelanidodecisnes.cl\/web\/index.php\/wp-json\/wp\/v2\/pages\/137\/revisions\/12581"}],"wp:attachment":[{"href":"http:\/\/escuelanidodecisnes.cl\/web\/index.php\/wp-json\/wp\/v2\/media?parent=137"}],"curies":[{"name":"wp","href":"https:\/\/api.w.org\/{rel}","templated":true}]}}