{"id":110,"date":"2016-04-11T18:26:09","date_gmt":"2016-04-11T18:26:09","guid":{"rendered":"http:\/\/192.168.2.249\/t\/nidodecisnes\/?page_id=110"},"modified":"2016-06-01T12:49:35","modified_gmt":"2016-06-01T15:49:35","slug":"sostenedor","status":"publish","type":"page","link":"http:\/\/escuelanidodecisnes.cl\/web\/index.php\/sostenedor\/","title":{"rendered":"Sostenedor"},"content":{"rendered":"<p align=\"justify\">En mi calidad de Coordinador General de la Corporaci\u00f3n de Educaci\u00f3n Santa Clara, que cobija a las escuelas Chovi San Juan y Nido de Cisnes, quiero entregar un saludo muy afectivo a sus directivos, docentes y paradocentes, a la vez reconocer y valorar en toda su dimensi\u00f3n la labor que le corresponde realizar en cada uno de sus puestos de trabajo.<img loading=\"lazy\" class=\"alignright size-medium wp-image-111\" src=\"http:\/\/192.168.2.249\/t\/nidodecisnes\/wp-content\/uploads\/2016\/04\/sostenener-224x300.jpg\" alt=\"sostenener\" width=\"224\" height=\"300\" srcset=\"http:\/\/escuelanidodecisnes.cl\/web\/wp-content\/uploads\/2016\/04\/sostenener-224x300.jpg 224w, http:\/\/escuelanidodecisnes.cl\/web\/wp-content\/uploads\/2016\/04\/sostenener.jpg 373w\" sizes=\"(max-width: 224px) 100vw, 224px\" \/><\/p>\n<p align=\"justify\">La labor que ustedes realizan se ve reflejada en los resultados obtenidos en los simces que se llevan a cabo cada a\u00f1o, donde nos ubicamos como las primeras escuelas de la comuna y por consiguiente hemos obtenido el reconocimiento de Escuela Aut\u00f3noma por parte del Ministerio de Educaci\u00f3n, es decir, la m\u00e1xima distinci\u00f3n que existe para los establecimientos b\u00e1sicos.<\/p>\n<p align=\"justify\">En el \u00e9xito de vuestro trabajo se merecen una menci\u00f3n especial todos los padres de familia de nuestros ni\u00f1os, que no escatiman esfuerzos para ayudar a complementar el trabajo que se realiza en la sala de clases.<\/p>\n<p align=\"justify\">A todos los agentes que intervienen en el proceso de ense\u00f1anza\/aprendizaje les pido que contin\u00faen trabajando como lo est\u00e1n haciendo, valorando hasta las cosas m\u00e1s peque\u00f1as de sus hijos, lo que les permitir\u00e1 encontrar el sentido positivo de la vida y as\u00ed alcanzar la felicidad personal y familiar.<\/p>\n<p align=\"justify\">Olegario Mu\u00f1oz \u00c1lvarez \/ Profesor de Educaci\u00f3n General B\u00e1sica<\/p>\n","protected":false},"excerpt":{"rendered":"<p>En mi calidad de Coordinador General de la Corporaci\u00f3n de Educaci\u00f3n Santa Clara, que cobija a las escuelas Chovi San Juan y Nido de Cisnes, quiero entregar un saludo muy afectivo a sus directivos, docentes y paradocentes, a la vez reconocer y valorar en toda su dimensi\u00f3n la labor que le corresponde realizar en cada [&hellip;]<\/p>\n","protected":false},"author":1,"featured_media":0,"parent":0,"menu_order":0,"comment_status":"closed","ping_status":"closed","template":"","meta":[],"_links":{"self":[{"href":"http:\/\/escuelanidodecisnes.cl\/web\/index.php\/wp-json\/wp\/v2\/pages\/110"}],"collection":[{"href":"http:\/\/escuelanidodecisnes.cl\/web\/index.php\/wp-json\/wp\/v2\/pages"}],"about":[{"href":"http:\/\/escuelanidodecisnes.cl\/web\/index.php\/wp-json\/wp\/v2\/types\/page"}],"author":[{"embeddable":true,"href":"http:\/\/escuelanidodecisnes.cl\/web\/index.php\/wp-json\/wp\/v2\/users\/1"}],"replies":[{"embeddable":true,"href":"http:\/\/escuelanidodecisnes.cl\/web\/index.php\/wp-json\/wp\/v2\/comments?post=110"}],"version-history":[{"count":3,"href":"http:\/\/escuelanidodecisnes.cl\/web\/index.php\/wp-json\/wp\/v2\/pages\/110\/revisions"}],"predecessor-version":[{"id":588,"href":"http:\/\/escuelanidodecisnes.cl\/web\/index.php\/wp-json\/wp\/v2\/pages\/110\/revisions\/588"}],"wp:attachment":[{"href":"http:\/\/escuelanidodecisnes.cl\/web\/index.php\/wp-json\/wp\/v2\/media?parent=110"}],"curies":[{"name":"wp","href":"https:\/\/api.w.org\/{rel}","templated":true}]}}